{"id":12293,"date":"2022-03-02T11:55:18","date_gmt":"2022-03-02T10:55:18","guid":{"rendered":"https:\/\/www.jep.be\/jury-dethique-publicitaire-jep\/"},"modified":"2026-04-08T07:43:54","modified_gmt":"2026-04-08T05:43:54","slug":"jury-dethique-publicitaire-jep","status":"publish","type":"page","link":"https:\/\/www.jep.be\/fr\/jury-dethique-publicitaire-jep\/","title":{"rendered":"Jury d&rsquo;Ethique Publicitaire (JEP)"},"content":{"rendered":"\t\t<div data-elementor-type=\"wp-page\" data-elementor-id=\"12293\" class=\"elementor elementor-12293 elementor-998\" data-elementor-post-type=\"page\">\n\t\t\t\t\t\t<section class=\"elementor-section elementor-top-section elementor-element elementor-element-d8246a3 elementor-section-boxed elementor-section-height-default elementor-section-height-default\" data-id=\"d8246a3\" data-element_type=\"section\" data-settings=\"{&quot;jet_parallax_layout_list&quot;:[{&quot;jet_parallax_layout_image&quot;:{&quot;url&quot;:&quot;&quot;,&quot;id&quot;:&quot;&quot;,&quot;size&quot;:&quot;&quot;},&quot;_id&quot;:&quot;5084579&quot;,&quot;jet_parallax_layout_image_widescreen&quot;:{&quot;url&quot;:&quot;&quot;,&quot;id&quot;:&quot;&quot;,&quot;size&quot;:&quot;&quot;},&quot;jet_parallax_layout_image_tablet&quot;:{&quot;url&quot;:&quot;&quot;,&quot;id&quot;:&quot;&quot;,&quot;size&quot;:&quot;&quot;},&quot;jet_parallax_layout_image_mobile&quot;:{&quot;url&quot;:&quot;&quot;,&quot;id&quot;:&quot;&quot;,&quot;size&quot;:&quot;&quot;},&quot;jet_parallax_layout_speed&quot;:{&quot;unit&quot;:&quot;%&quot;,&quot;size&quot;:50,&quot;sizes&quot;:[]},&quot;jet_parallax_layout_type&quot;:&quot;scroll&quot;,&quot;jet_parallax_layout_direction&quot;:null,&quot;jet_parallax_layout_fx_direction&quot;:null,&quot;jet_parallax_layout_z_index&quot;:&quot;&quot;,&quot;jet_parallax_layout_bg_x&quot;:50,&quot;jet_parallax_layout_bg_x_widescreen&quot;:&quot;&quot;,&quot;jet_parallax_layout_bg_x_tablet&quot;:&quot;&quot;,&quot;jet_parallax_layout_bg_x_mobile&quot;:&quot;&quot;,&quot;jet_parallax_layout_bg_y&quot;:50,&quot;jet_parallax_layout_bg_y_widescreen&quot;:&quot;&quot;,&quot;jet_parallax_layout_bg_y_tablet&quot;:&quot;&quot;,&quot;jet_parallax_layout_bg_y_mobile&quot;:&quot;&quot;,&quot;jet_parallax_layout_bg_size&quot;:&quot;auto&quot;,&quot;jet_parallax_layout_bg_size_widescreen&quot;:&quot;&quot;,&quot;jet_parallax_layout_bg_size_tablet&quot;:&quot;&quot;,&quot;jet_parallax_layout_bg_size_mobile&quot;:&quot;&quot;,&quot;jet_parallax_layout_animation_prop&quot;:&quot;transform&quot;,&quot;jet_parallax_layout_on&quot;:[&quot;desktop&quot;,&quot;tablet&quot;]}]}\">\n\t\t\t\t\t\t<div class=\"elementor-container elementor-column-gap-default\">\n\t\t\t\t\t<div class=\"elementor-column elementor-col-66 elementor-top-column elementor-element elementor-element-8b38b7e\" data-id=\"8b38b7e\" data-element_type=\"column\">\n\t\t\t<div class=\"elementor-widget-wrap elementor-element-populated\">\n\t\t\t\t\t\t<div class=\"elementor-element elementor-element-86c923a elementor-widget elementor-widget-heading\" data-id=\"86c923a\" data-element_type=\"widget\" data-widget_type=\"heading.default\">\n\t\t\t\t<div class=\"elementor-widget-container\">\n\t\t\t<style>\/*! elementor - v3.23.0 - 23-07-2024 *\/\n.elementor-heading-title{padding:0;margin:0;line-height:1}.elementor-widget-heading .elementor-heading-title[class*=elementor-size-]>a{color:inherit;font-size:inherit;line-height:inherit}.elementor-widget-heading .elementor-heading-title.elementor-size-small{font-size:15px}.elementor-widget-heading .elementor-heading-title.elementor-size-medium{font-size:19px}.elementor-widget-heading .elementor-heading-title.elementor-size-large{font-size:29px}.elementor-widget-heading .elementor-heading-title.elementor-size-xl{font-size:39px}.elementor-widget-heading .elementor-heading-title.elementor-size-xxl{font-size:59px}<\/style><h1 class=\"elementor-heading-title elementor-size-default\">Jury d&rsquo;Ethique Publicitaire (JEP)<\/h1>\t\t<\/div>\n\t\t\t\t<\/div>\n\t\t\t\t<div class=\"elementor-element elementor-element-7504b71 elementor-widget elementor-widget-text-editor\" data-id=\"7504b71\" data-element_type=\"widget\" data-widget_type=\"text-editor.default\">\n\t\t\t\t<div class=\"elementor-widget-container\">\n\t\t\t<style>\/*! elementor - v3.23.0 - 23-07-2024 *\/\n.elementor-widget-text-editor.elementor-drop-cap-view-stacked .elementor-drop-cap{background-color:#69727d;color:#fff}.elementor-widget-text-editor.elementor-drop-cap-view-framed .elementor-drop-cap{color:#69727d;border:3px solid;background-color:transparent}.elementor-widget-text-editor:not(.elementor-drop-cap-view-default) .elementor-drop-cap{margin-top:8px}.elementor-widget-text-editor:not(.elementor-drop-cap-view-default) .elementor-drop-cap-letter{width:1em;height:1em}.elementor-widget-text-editor .elementor-drop-cap{float:left;text-align:center;line-height:1;font-size:50px}.elementor-widget-text-editor .elementor-drop-cap-letter{display:inline-block}<\/style>\t\t\t\t<p>Le JEP, organe d\u2019autodiscipline du secteur publicitaire, a \u00e9t\u00e9 cr\u00e9\u00e9 en 1974 par le <span style=\"text-decoration: underline;\"><a href=\"https:\/\/conseildelapublicite.be\/\">Conseil de la Publicit\u00e9<\/a><\/span>. L\u2019action d\u2019autodiscipline du JEP est fond\u00e9e sur la collaboration volontaire des annonceurs, des agences et des m\u00e9dias.<\/p><p><strong>Le JEP agit pour le consommateur\u00a0<\/strong><\/p><p>Le JEP a pour mission d\u2019assurer une publicit\u00e9 loyale, v\u00e9ridique et socialement responsable. Il examine \u00e0 cette fin la conformit\u00e9 du contenu des messages publicitaires avec les r\u00e8gles de l\u2019\u00e9thique publicitaire, en se fondant sur les lois et les codes d\u2019autodiscipline.<\/p><p><strong>Le JEP prend \u00e0 c\u0153ur chaque plainte\u00a0<\/strong><\/p><p>Pour autant qu\u2019ils agissent dans un but de d\u00e9fense des int\u00e9r\u00eats du consommateur et\/ou de l\u2019image de la publicit\u00e9, les consommateurs, les associations socio-culturelles, les f\u00e9d\u00e9rations professionnelles et les pouvoirs publics peuvent introduire une plainte aupr\u00e8s du JEP \u00e0 l\u2019encontre d\u2019un contenu publicitaire diffus\u00e9 via les m\u00e9dias audiovisuels, la presse \u00e9crite, Internet, l\u2019affichage, les folders et les supports publicitaires sur les points de vente.\u00a0 Une seule plainte suffit pour que le JEP traite un dossier.<\/p><p><strong>Les plaintes sont trait\u00e9es gratuitement et sans formalisme\u00a0<\/strong><\/p><p>La seule condition pour pouvoir introduire une plainte au JEP est de le faire par \u00e9crit et avec une motivation.\u00a0<\/p><p><strong>Le JEP est rapide et efficace<\/strong><\/p><p>Le JEP traite les dossiers qui lui sont soumis dans un d\u00e9lai d\u2019environ 10 jours. \u00a0Ses d\u00e9cisions peuvent aller jusqu\u2019\u00e0 demander l\u2019adaptation d\u2019une publicit\u00e9 ou l\u2019arr\u00eat de sa diffusion en cas d\u2019infractions avec des dispositions \u00e9thiques et\/ou l\u00e9gales. \u00a0Les d\u00e9cisions du JEP sont respect\u00e9es par les annonceurs et \u00e0 d\u00e9faut par les m\u00e9dias.<\/p><p><strong>Le JEP assure une confidentialit\u00e9 totale au consommateur\u00a0<\/strong><\/p><p>Si le JEP n\u2019accepte pas les plaintes anonymes, il ne divulgue n\u00e9anmoins jamais l\u2019identit\u00e9 des plaignants qui sont donc assur\u00e9s d\u2019une totale confidentialit\u00e9.<\/p><p><strong>Le JEP travaille sur un mod\u00e8le de confiance mutuelle \u00a0<\/strong><\/p><p>Cette confiance est pr\u00e9sente non seulement entre le JEP et le consommateur, mais aussi entre le JEP et le secteur publicitaire charg\u00e9 de veiller au respect des d\u00e9cisions prises par le Jury.<\/p><p><strong>Le JEP agit de fa\u00e7on proactive\u00a0<\/strong><\/p><p>Les annonceurs, les agences et m\u00eame les m\u00e9dias sont encourag\u00e9s \u00e0 solliciter aupr\u00e8s du JEP des avis pr\u00e9alablement \u00e0 la diffusion de leurs campagnes.<\/p><p><strong>La composition du JEP est paritaire et \u00e9quilibr\u00e9e<\/strong><\/p><p>Le JEP est compos\u00e9 de fa\u00e7on paritaire.<br \/>Une moiti\u00e9 des membres est issue de la soci\u00e9t\u00e9 civile (des personnes propos\u00e9es par Unia, par l\u2019Institut pour l\u2019\u00e9galit\u00e9 des femmes et des hommes, par le Gezinsbond, par le Forum des Jeunes\u00a0et par The Shift, des personnes s\u00e9lectionn\u00e9es en collaboration avec la Fondation Roi Baudouin\u00a0et des personnes issues du barreau, du monde acad\u00e9mique et de la recherche scientifique).<br \/>L\u2019autre moiti\u00e9 des membres du JEP provient du secteur publicitaire (annonceurs, agences de communication et medias).\u00a0<br \/>Les membres du JEP si\u00e8gent \u00e0 titre personnel.\u00a0<br \/>Cette composition assure la neutralit\u00e9 du JEP lors de la prise de d\u00e9cision.<\/p><p><strong>Le JEP est transparent<\/strong><\/p><p>Toutes les d\u00e9cisions prises par le JEP sur la base de plaintes sont publi\u00e9es sur le site du Jury (<span style=\"text-decoration: underline;\"><a href=\"https:\/\/www.jep.be\/fr\/decisions-du-jep\/\">www.jep.be\/fr\/decisions-du-jep<\/a><\/span>) apr\u00e8s avoir \u00e9t\u00e9 communiqu\u00e9es aux parties concern\u00e9es (consommateur et annonceur).\u00a0<br \/>Le JEP ne communique cependant pas activement ses d\u00e9cisions \u00e0 la presse \u00e0 l\u2019aide de communiqu\u00e9s de presse.<\/p><p><strong>Le JEP est organis\u00e9 de fa\u00e7on professionnelle<\/strong><\/p><p>Les dossiers soumis au JEP sont instruits par son Secr\u00e9tariat compos\u00e9 de deux juristes.\u00a0 Le JEP a par ailleurs la possibilit\u00e9 de faire appel \u00e0 des experts ext\u00e9rieurs.\u00a0<br \/>Les consommateurs et annonceurs, parties au dossier, disposent toujours de la possibilit\u00e9 d\u2019interjeter appel de la d\u00e9cision prise par le Jury de premi\u00e8re instance.<\/p><p><strong>Le JEP est encadr\u00e9 au niveau europ\u00e9en<\/strong><\/p><p>Le JEP est membre de l\u2019<span style=\"text-decoration: underline;\"><a href=\"https:\/\/www.easa-alliance.org\/\">EASA<\/a><\/span> (European Advertising Standards Alliance) qui rassemble les organes d\u2019autodiscipline publicitaire de diff\u00e9rents pays. L\u2019objectif de cette organisation est de promouvoir et de soutenir les syst\u00e8mes actuels d\u2019autodiscipline, de coordonner les actions des membres de l\u2019Alliance en mati\u00e8re de traitement des plaintes transfrontali\u00e8res, de donner des informations sur l\u2019autodiscipline en Europe et de r\u00e9aliser des enqu\u00eates aupr\u00e8s de ses membres pour faire le point sur le respect de certains principes dans la publicit\u00e9.<\/p>\t\t\t\t\t\t<\/div>\n\t\t\t\t<\/div>\n\t\t\t\t\t<\/div>\n\t\t<\/div>\n\t\t\t\t<div class=\"elementor-column elementor-col-33 elementor-top-column elementor-element elementor-element-d0e2db3\" data-id=\"d0e2db3\" data-element_type=\"column\">\n\t\t\t<div class=\"elementor-widget-wrap elementor-element-populated\">\n\t\t\t\t\t\t<section class=\"elementor-section elementor-inner-section elementor-element elementor-element-af74ad0 elementor-section-boxed elementor-section-height-default elementor-section-height-default\" data-id=\"af74ad0\" data-element_type=\"section\" data-settings=\"{&quot;jet_parallax_layout_list&quot;:[{&quot;jet_parallax_layout_image&quot;:{&quot;url&quot;:&quot;&quot;,&quot;id&quot;:&quot;&quot;,&quot;size&quot;:&quot;&quot;},&quot;_id&quot;:&quot;d75d07a&quot;,&quot;jet_parallax_layout_image_widescreen&quot;:{&quot;url&quot;:&quot;&quot;,&quot;id&quot;:&quot;&quot;,&quot;size&quot;:&quot;&quot;},&quot;jet_parallax_layout_image_tablet&quot;:{&quot;url&quot;:&quot;&quot;,&quot;id&quot;:&quot;&quot;,&quot;size&quot;:&quot;&quot;},&quot;jet_parallax_layout_image_mobile&quot;:{&quot;url&quot;:&quot;&quot;,&quot;id&quot;:&quot;&quot;,&quot;size&quot;:&quot;&quot;},&quot;jet_parallax_layout_speed&quot;:{&quot;unit&quot;:&quot;%&quot;,&quot;size&quot;:50,&quot;sizes&quot;:[]},&quot;jet_parallax_layout_type&quot;:&quot;scroll&quot;,&quot;jet_parallax_layout_direction&quot;:null,&quot;jet_parallax_layout_fx_direction&quot;:null,&quot;jet_parallax_layout_z_index&quot;:&quot;&quot;,&quot;jet_parallax_layout_bg_x&quot;:50,&quot;jet_parallax_layout_bg_x_widescreen&quot;:&quot;&quot;,&quot;jet_parallax_layout_bg_x_tablet&quot;:&quot;&quot;,&quot;jet_parallax_layout_bg_x_mobile&quot;:&quot;&quot;,&quot;jet_parallax_layout_bg_y&quot;:50,&quot;jet_parallax_layout_bg_y_widescreen&quot;:&quot;&quot;,&quot;jet_parallax_layout_bg_y_tablet&quot;:&quot;&quot;,&quot;jet_parallax_layout_bg_y_mobile&quot;:&quot;&quot;,&quot;jet_parallax_layout_bg_size&quot;:&quot;auto&quot;,&quot;jet_parallax_layout_bg_size_widescreen&quot;:&quot;&quot;,&quot;jet_parallax_layout_bg_size_tablet&quot;:&quot;&quot;,&quot;jet_parallax_layout_bg_size_mobile&quot;:&quot;&quot;,&quot;jet_parallax_layout_animation_prop&quot;:&quot;transform&quot;,&quot;jet_parallax_layout_on&quot;:[&quot;desktop&quot;,&quot;tablet&quot;]}],&quot;sticky&quot;:&quot;top&quot;,&quot;sticky_on&quot;:[&quot;widescreen&quot;,&quot;desktop&quot;],&quot;sticky_offset&quot;:20,&quot;sticky_parent&quot;:&quot;yes&quot;,&quot;sticky_effects_offset&quot;:0}\">\n\t\t\t\t\t\t<div class=\"elementor-container elementor-column-gap-default\">\n\t\t\t\t\t<div class=\"elementor-column elementor-col-100 elementor-inner-column elementor-element elementor-element-fc2177e\" data-id=\"fc2177e\" data-element_type=\"column\" data-settings=\"{&quot;background_background&quot;:&quot;classic&quot;}\">\n\t\t\t<div class=\"elementor-widget-wrap elementor-element-populated\">\n\t\t\t\t\t\t<div class=\"elementor-element elementor-element-5bd757c4 elementor-widget elementor-widget-heading\" data-id=\"5bd757c4\" data-element_type=\"widget\" data-widget_type=\"heading.default\">\n\t\t\t\t<div class=\"elementor-widget-container\">\n\t\t\t<h2 class=\"elementor-heading-title elementor-size-default\">Demandez un avis<\/h2>\t\t<\/div>\n\t\t\t\t<\/div>\n\t\t\t\t<div class=\"elementor-element elementor-element-4beddd51 elementor-widget elementor-widget-text-editor\" data-id=\"4beddd51\" data-element_type=\"widget\" data-widget_type=\"text-editor.default\">\n\t\t\t\t<div class=\"elementor-widget-container\">\n\t\t\t\t\t\t\t<p>En tant qu\u2019annonceur, agence de publicit\u00e9 ou m\u00e9dia, vous pouvez soumettre une demande d&rsquo;avis avant, pendant et apr\u00e8s la diffusion d\u2019une publicit\u00e9.<\/p>\t\t\t\t\t\t<\/div>\n\t\t\t\t<\/div>\n\t\t\t\t<div class=\"elementor-element elementor-element-647962f4 elementor-widget elementor-widget-button\" data-id=\"647962f4\" data-element_type=\"widget\" data-widget_type=\"button.default\">\n\t\t\t\t<div class=\"elementor-widget-container\">\n\t\t\t\t\t<div class=\"elementor-button-wrapper\">\n\t\t\t<a class=\"elementor-button elementor-button-link elementor-size-md\" href=\"https:\/\/www.jep.be\/fr\/formulaire-de-demande-davis\/\">\n\t\t\t\t\t\t<span class=\"elementor-button-content-wrapper\">\n\t\t\t\t\t\t<span class=\"elementor-button-icon\">\n\t\t\t\t<i aria-hidden=\"true\" class=\"far fa-arrow-right\"><\/i>\t\t\t<\/span>\n\t\t\t\t\t\t\t\t\t<span class=\"elementor-button-text\">Formulaire de demande d'avis<\/span>\n\t\t\t\t\t<\/span>\n\t\t\t\t\t<\/a>\n\t\t<\/div>\n\t\t\t\t<\/div>\n\t\t\t\t<\/div>\n\t\t\t\t\t<\/div>\n\t\t<\/div>\n\t\t\t\t\t<\/div>\n\t\t<\/section>\n\t\t\t\t\t<\/div>\n\t\t<\/div>\n\t\t\t\t\t<\/div>\n\t\t<\/section>\n\t\t\t\t<\/div>\n\t\t","protected":false},"excerpt":{"rendered":"<p>Le JEP, organe d\u2019autodiscipline du secteur publicitaire, a \u00e9t\u00e9 cr\u00e9\u00e9 en 1974 par le Conseil de la Publicit\u00e9. L\u2019action d\u2019autodiscipline du JEP est fond\u00e9e sur la collaboration volontaire des annonceurs, des agences et des m\u00e9dias. Le JEP agit pour le consommateur\u00a0 Le JEP a pour mission d\u2019assurer une publicit\u00e9 loyale, v\u00e9ridique et socialement responsable. Il [&hellip;]<\/p>\n","protected":false},"author":1,"featured_media":0,"parent":0,"menu_order":0,"comment_status":"closed","ping_status":"closed","template":"","meta":{"footnotes":""},"class_list":["post-12293","page","type-page","status-publish","hentry"],"yoast_head":"<!-- This site is optimized with the Yoast SEO plugin v23.1 - https:\/\/yoast.com\/wordpress\/plugins\/seo\/ -->\n<title>Jury d&#039;Ethique Publicitaire (JEP) - JEP - Jury d&#039;Ethique Publicitaire<\/title>\n<meta name=\"robots\" content=\"index, follow, max-snippet:-1, max-image-preview:large, max-video-preview:-1\" \/>\n<link rel=\"canonical\" href=\"https:\/\/www.jep.be\/jury-voor-ethische-praktijken-inzake-reclame-jep\/\" \/>\n<meta property=\"og:locale\" content=\"fr_FR\" \/>\n<meta property=\"og:type\" content=\"article\" \/>\n<meta property=\"og:title\" content=\"Jury d&#039;Ethique Publicitaire (JEP) - JEP - Jury d&#039;Ethique Publicitaire\" \/>\n<meta property=\"og:description\" content=\"Le JEP, organe d\u2019autodiscipline du secteur publicitaire, a \u00e9t\u00e9 cr\u00e9\u00e9 en 1974 par le Conseil de la Publicit\u00e9. L\u2019action d\u2019autodiscipline du JEP est fond\u00e9e sur la collaboration volontaire des annonceurs, des agences et des m\u00e9dias. Le JEP agit pour le consommateur\u00a0 Le JEP a pour mission d\u2019assurer une publicit\u00e9 loyale, v\u00e9ridique et socialement responsable. Il [&hellip;]\" \/>\n<meta property=\"og:url\" content=\"https:\/\/www.jep.be\/jury-voor-ethische-praktijken-inzake-reclame-jep\/\" \/>\n<meta property=\"og:site_name\" content=\"JEP - Jury d&#039;Ethique Publicitaire\" \/>\n<meta property=\"article:modified_time\" content=\"2026-04-08T05:43:54+00:00\" \/>\n<meta name=\"twitter:card\" content=\"summary_large_image\" \/>\n<meta name=\"twitter:label1\" content=\"Dur\u00e9e de lecture estim\u00e9e\" \/>\n\t<meta name=\"twitter:data1\" content=\"4 minutes\" \/>\n<script type=\"application\/ld+json\" class=\"yoast-schema-graph\">{\"@context\":\"https:\/\/schema.org\",\"@graph\":[{\"@type\":\"WebPage\",\"@id\":\"https:\/\/www.jep.be\/jury-voor-ethische-praktijken-inzake-reclame-jep\/\",\"url\":\"https:\/\/www.jep.be\/jury-voor-ethische-praktijken-inzake-reclame-jep\/\",\"name\":\"Jury d'Ethique Publicitaire (JEP) - JEP - Jury d'Ethique Publicitaire\",\"isPartOf\":{\"@id\":\"https:\/\/www.jep.be\/#website\"},\"datePublished\":\"2022-03-02T10:55:18+00:00\",\"dateModified\":\"2026-04-08T05:43:54+00:00\",\"breadcrumb\":{\"@id\":\"https:\/\/www.jep.be\/jury-voor-ethische-praktijken-inzake-reclame-jep\/#breadcrumb\"},\"inLanguage\":\"fr-FR\",\"potentialAction\":[{\"@type\":\"ReadAction\",\"target\":[\"https:\/\/www.jep.be\/jury-voor-ethische-praktijken-inzake-reclame-jep\/\"]}]},{\"@type\":\"BreadcrumbList\",\"@id\":\"https:\/\/www.jep.be\/jury-voor-ethische-praktijken-inzake-reclame-jep\/#breadcrumb\",\"itemListElement\":[{\"@type\":\"ListItem\",\"position\":1,\"name\":\"Home\",\"item\":\"https:\/\/www.jep.be\/\"},{\"@type\":\"ListItem\",\"position\":2,\"name\":\"Jury d&#8217;Ethique Publicitaire (JEP)\"}]},{\"@type\":\"WebSite\",\"@id\":\"https:\/\/www.jep.be\/#website\",\"url\":\"https:\/\/www.jep.be\/\",\"name\":\"JEP - Jury d'Ethique Publicitaire\",\"description\":\"\",\"publisher\":{\"@id\":\"https:\/\/www.jep.be\/#organization\"},\"potentialAction\":[{\"@type\":\"SearchAction\",\"target\":{\"@type\":\"EntryPoint\",\"urlTemplate\":\"https:\/\/www.jep.be\/?s={search_term_string}\"},\"query-input\":\"required name=search_term_string\"}],\"inLanguage\":\"fr-FR\"},{\"@type\":\"Organization\",\"@id\":\"https:\/\/www.jep.be\/#organization\",\"name\":\"JEP - Jury d'Ethique Publicitaire\",\"url\":\"https:\/\/www.jep.be\/\",\"logo\":{\"@type\":\"ImageObject\",\"inLanguage\":\"fr-FR\",\"@id\":\"https:\/\/www.jep.be\/#\/schema\/logo\/image\/\",\"url\":\"https:\/\/www.jep.be\/wp-content\/uploads\/2023\/04\/cropped-jep-logo-favicon.png\",\"contentUrl\":\"https:\/\/www.jep.be\/wp-content\/uploads\/2023\/04\/cropped-jep-logo-favicon.png\",\"width\":512,\"height\":512,\"caption\":\"JEP - Jury d'Ethique Publicitaire\"},\"image\":{\"@id\":\"https:\/\/www.jep.be\/#\/schema\/logo\/image\/\"}}]}<\/script>\n<!-- \/ Yoast SEO plugin. -->","yoast_head_json":{"title":"Jury d'Ethique Publicitaire (JEP) - JEP - Jury d'Ethique Publicitaire","robots":{"index":"index","follow":"follow","max-snippet":"max-snippet:-1","max-image-preview":"max-image-preview:large","max-video-preview":"max-video-preview:-1"},"canonical":"https:\/\/www.jep.be\/jury-voor-ethische-praktijken-inzake-reclame-jep\/","og_locale":"fr_FR","og_type":"article","og_title":"Jury d'Ethique Publicitaire (JEP) - JEP - Jury d'Ethique Publicitaire","og_description":"Le JEP, organe d\u2019autodiscipline du secteur publicitaire, a \u00e9t\u00e9 cr\u00e9\u00e9 en 1974 par le Conseil de la Publicit\u00e9. L\u2019action d\u2019autodiscipline du JEP est fond\u00e9e sur la collaboration volontaire des annonceurs, des agences et des m\u00e9dias. Le JEP agit pour le consommateur\u00a0 Le JEP a pour mission d\u2019assurer une publicit\u00e9 loyale, v\u00e9ridique et socialement responsable. Il [&hellip;]","og_url":"https:\/\/www.jep.be\/jury-voor-ethische-praktijken-inzake-reclame-jep\/","og_site_name":"JEP - Jury d'Ethique Publicitaire","article_modified_time":"2026-04-08T05:43:54+00:00","twitter_card":"summary_large_image","twitter_misc":{"Dur\u00e9e de lecture estim\u00e9e":"4 minutes"},"schema":{"@context":"https:\/\/schema.org","@graph":[{"@type":"WebPage","@id":"https:\/\/www.jep.be\/jury-voor-ethische-praktijken-inzake-reclame-jep\/","url":"https:\/\/www.jep.be\/jury-voor-ethische-praktijken-inzake-reclame-jep\/","name":"Jury d'Ethique Publicitaire (JEP) - JEP - Jury d'Ethique Publicitaire","isPartOf":{"@id":"https:\/\/www.jep.be\/#website"},"datePublished":"2022-03-02T10:55:18+00:00","dateModified":"2026-04-08T05:43:54+00:00","breadcrumb":{"@id":"https:\/\/www.jep.be\/jury-voor-ethische-praktijken-inzake-reclame-jep\/#breadcrumb"},"inLanguage":"fr-FR","potentialAction":[{"@type":"ReadAction","target":["https:\/\/www.jep.be\/jury-voor-ethische-praktijken-inzake-reclame-jep\/"]}]},{"@type":"BreadcrumbList","@id":"https:\/\/www.jep.be\/jury-voor-ethische-praktijken-inzake-reclame-jep\/#breadcrumb","itemListElement":[{"@type":"ListItem","position":1,"name":"Home","item":"https:\/\/www.jep.be\/"},{"@type":"ListItem","position":2,"name":"Jury d&#8217;Ethique Publicitaire (JEP)"}]},{"@type":"WebSite","@id":"https:\/\/www.jep.be\/#website","url":"https:\/\/www.jep.be\/","name":"JEP - Jury d'Ethique Publicitaire","description":"","publisher":{"@id":"https:\/\/www.jep.be\/#organization"},"potentialAction":[{"@type":"SearchAction","target":{"@type":"EntryPoint","urlTemplate":"https:\/\/www.jep.be\/?s={search_term_string}"},"query-input":"required name=search_term_string"}],"inLanguage":"fr-FR"},{"@type":"Organization","@id":"https:\/\/www.jep.be\/#organization","name":"JEP - Jury d'Ethique Publicitaire","url":"https:\/\/www.jep.be\/","logo":{"@type":"ImageObject","inLanguage":"fr-FR","@id":"https:\/\/www.jep.be\/#\/schema\/logo\/image\/","url":"https:\/\/www.jep.be\/wp-content\/uploads\/2023\/04\/cropped-jep-logo-favicon.png","contentUrl":"https:\/\/www.jep.be\/wp-content\/uploads\/2023\/04\/cropped-jep-logo-favicon.png","width":512,"height":512,"caption":"JEP - Jury d'Ethique Publicitaire"},"image":{"@id":"https:\/\/www.jep.be\/#\/schema\/logo\/image\/"}}]}},"_links":{"self":[{"href":"https:\/\/www.jep.be\/fr\/wp-json\/wp\/v2\/pages\/12293","targetHints":{"allow":["GET"]}}],"collection":[{"href":"https:\/\/www.jep.be\/fr\/wp-json\/wp\/v2\/pages"}],"about":[{"href":"https:\/\/www.jep.be\/fr\/wp-json\/wp\/v2\/types\/page"}],"author":[{"embeddable":true,"href":"https:\/\/www.jep.be\/fr\/wp-json\/wp\/v2\/users\/1"}],"replies":[{"embeddable":true,"href":"https:\/\/www.jep.be\/fr\/wp-json\/wp\/v2\/comments?post=12293"}],"version-history":[{"count":19,"href":"https:\/\/www.jep.be\/fr\/wp-json\/wp\/v2\/pages\/12293\/revisions"}],"predecessor-version":[{"id":18562,"href":"https:\/\/www.jep.be\/fr\/wp-json\/wp\/v2\/pages\/12293\/revisions\/18562"}],"wp:attachment":[{"href":"https:\/\/www.jep.be\/fr\/wp-json\/wp\/v2\/media?parent=12293"}],"curies":[{"name":"wp","href":"https:\/\/api.w.org\/{rel}","templated":true}]}}