{"id":12190,"date":"2022-03-02T09:59:09","date_gmt":"2022-03-02T08:59:09","guid":{"rendered":"https:\/\/www.jep.be\/codes-regles\/"},"modified":"2026-04-23T14:29:33","modified_gmt":"2026-04-23T12:29:33","slug":"codes-regles","status":"publish","type":"page","link":"https:\/\/www.jep.be\/fr\/codes-regles\/","title":{"rendered":"Codes \/ R\u00e8gles"},"content":{"rendered":"\t\t<div data-elementor-type=\"wp-page\" data-elementor-id=\"12190\" class=\"elementor elementor-12190 elementor-941\" data-elementor-post-type=\"page\">\n\t\t\t\t\t\t<section class=\"elementor-section elementor-top-section elementor-element elementor-element-d8246a3 elementor-section-boxed elementor-section-height-default elementor-section-height-default\" data-id=\"d8246a3\" data-element_type=\"section\" data-settings=\"{&quot;jet_parallax_layout_list&quot;:[{&quot;jet_parallax_layout_image&quot;:{&quot;url&quot;:&quot;&quot;,&quot;id&quot;:&quot;&quot;,&quot;size&quot;:&quot;&quot;},&quot;_id&quot;:&quot;5084579&quot;,&quot;jet_parallax_layout_image_widescreen&quot;:{&quot;url&quot;:&quot;&quot;,&quot;id&quot;:&quot;&quot;,&quot;size&quot;:&quot;&quot;},&quot;jet_parallax_layout_image_tablet&quot;:{&quot;url&quot;:&quot;&quot;,&quot;id&quot;:&quot;&quot;,&quot;size&quot;:&quot;&quot;},&quot;jet_parallax_layout_image_mobile&quot;:{&quot;url&quot;:&quot;&quot;,&quot;id&quot;:&quot;&quot;,&quot;size&quot;:&quot;&quot;},&quot;jet_parallax_layout_speed&quot;:{&quot;unit&quot;:&quot;%&quot;,&quot;size&quot;:50,&quot;sizes&quot;:[]},&quot;jet_parallax_layout_type&quot;:&quot;scroll&quot;,&quot;jet_parallax_layout_direction&quot;:null,&quot;jet_parallax_layout_fx_direction&quot;:null,&quot;jet_parallax_layout_z_index&quot;:&quot;&quot;,&quot;jet_parallax_layout_bg_x&quot;:50,&quot;jet_parallax_layout_bg_x_widescreen&quot;:&quot;&quot;,&quot;jet_parallax_layout_bg_x_tablet&quot;:&quot;&quot;,&quot;jet_parallax_layout_bg_x_mobile&quot;:&quot;&quot;,&quot;jet_parallax_layout_bg_y&quot;:50,&quot;jet_parallax_layout_bg_y_widescreen&quot;:&quot;&quot;,&quot;jet_parallax_layout_bg_y_tablet&quot;:&quot;&quot;,&quot;jet_parallax_layout_bg_y_mobile&quot;:&quot;&quot;,&quot;jet_parallax_layout_bg_size&quot;:&quot;auto&quot;,&quot;jet_parallax_layout_bg_size_widescreen&quot;:&quot;&quot;,&quot;jet_parallax_layout_bg_size_tablet&quot;:&quot;&quot;,&quot;jet_parallax_layout_bg_size_mobile&quot;:&quot;&quot;,&quot;jet_parallax_layout_animation_prop&quot;:&quot;transform&quot;,&quot;jet_parallax_layout_on&quot;:[&quot;desktop&quot;,&quot;tablet&quot;]}]}\">\n\t\t\t\t\t\t<div class=\"elementor-container elementor-column-gap-default\">\n\t\t\t\t\t<div class=\"elementor-column elementor-col-66 elementor-top-column elementor-element elementor-element-8b38b7e\" data-id=\"8b38b7e\" data-element_type=\"column\">\n\t\t\t<div class=\"elementor-widget-wrap elementor-element-populated\">\n\t\t\t\t\t\t<div class=\"elementor-element elementor-element-86c923a elementor-widget elementor-widget-heading\" data-id=\"86c923a\" data-element_type=\"widget\" data-widget_type=\"heading.default\">\n\t\t\t\t<div class=\"elementor-widget-container\">\n\t\t\t<style>\/*! elementor - v3.23.0 - 23-07-2024 *\/\n.elementor-heading-title{padding:0;margin:0;line-height:1}.elementor-widget-heading .elementor-heading-title[class*=elementor-size-]>a{color:inherit;font-size:inherit;line-height:inherit}.elementor-widget-heading .elementor-heading-title.elementor-size-small{font-size:15px}.elementor-widget-heading .elementor-heading-title.elementor-size-medium{font-size:19px}.elementor-widget-heading .elementor-heading-title.elementor-size-large{font-size:29px}.elementor-widget-heading .elementor-heading-title.elementor-size-xl{font-size:39px}.elementor-widget-heading .elementor-heading-title.elementor-size-xxl{font-size:59px}<\/style><h1 class=\"elementor-heading-title elementor-size-default\">Codes \/ R\u00e8gles<\/h1>\t\t<\/div>\n\t\t\t\t<\/div>\n\t\t\t\t<div class=\"elementor-element elementor-element-7504b71 elementor-widget elementor-widget-text-editor\" data-id=\"7504b71\" data-element_type=\"widget\" data-widget_type=\"text-editor.default\">\n\t\t\t\t<div class=\"elementor-widget-container\">\n\t\t\t<style>\/*! elementor - v3.23.0 - 23-07-2024 *\/\n.elementor-widget-text-editor.elementor-drop-cap-view-stacked .elementor-drop-cap{background-color:#69727d;color:#fff}.elementor-widget-text-editor.elementor-drop-cap-view-framed .elementor-drop-cap{color:#69727d;border:3px solid;background-color:transparent}.elementor-widget-text-editor:not(.elementor-drop-cap-view-default) .elementor-drop-cap{margin-top:8px}.elementor-widget-text-editor:not(.elementor-drop-cap-view-default) .elementor-drop-cap-letter{width:1em;height:1em}.elementor-widget-text-editor .elementor-drop-cap{float:left;text-align:center;line-height:1;font-size:50px}.elementor-widget-text-editor .elementor-drop-cap-letter{display:inline-block}<\/style>\t\t\t\t<p>Le Jury d\u2019Ethique Publicitaire (JEP) base ses d\u00e9cisions d\u2019une part sur les dispositions l\u00e9gales (loi sur les pratiques de commerce, l\u00e9gislation par cat\u00e9gorie de produits et services,\u2026) et d\u2019autre part sur les dispositions autodisciplinaires (codes, r\u00e8gles, recommandations).<\/p><p>Sur cette page, vous trouverez diff\u00e9rents codes et r\u00e8gles autodisciplinaires qui sont appliqu\u00e9s par le JEP.<\/p><p>L\u2019autodiscipline est une expression de la volont\u00e9 du secteur professionnel de s\u2019imposer des r\u00e8gles de conduite et par cons\u00e9quent de prendre ses responsabilit\u00e9s d\u2019un point de vue social et \u00e9conomique.<\/p><p>L\u2019\u00e9laboration de ces r\u00e8gles de conduite suppose non seulement un consensus sur leur contenu, mais \u00e9galement une codification, c&rsquo;est-\u00e0-dire la formalisation de ces textes qui re\u00e7oivent l\u2019accord de ceux qui s\u2019engagent \u00e0 les respecter dans l\u2019exercice de leur activit\u00e9 professionnelle.<\/p><p>Ces codes peuvent \u00eatre g\u00e9n\u00e9raux (par ex. le code CCI), sectoriels (par cat\u00e9gorie de produits\/services) ou intersectoriels (sur une probl\u00e9matique int\u00e9ressant plusieurs secteurs).<\/p><p>En plus des codes \u00e9labor\u00e9s \u00e0 l\u2019initiative des secteurs professionnels respectifs, le Jury est lui-m\u00eame \u00e0 l\u2019origine de plusieurs r\u00e8gles en mati\u00e8re de publicit\u00e9.<\/p>\t\t\t\t\t\t<\/div>\n\t\t\t\t<\/div>\n\t\t\t\t\t<\/div>\n\t\t<\/div>\n\t\t\t\t<div class=\"elementor-column elementor-col-33 elementor-top-column elementor-element elementor-element-d0e2db3\" data-id=\"d0e2db3\" data-element_type=\"column\">\n\t\t\t<div class=\"elementor-widget-wrap elementor-element-populated\">\n\t\t\t\t\t\t<section class=\"elementor-section elementor-inner-section elementor-element elementor-element-af74ad0 elementor-section-boxed elementor-section-height-default elementor-section-height-default\" data-id=\"af74ad0\" data-element_type=\"section\" data-settings=\"{&quot;jet_parallax_layout_list&quot;:[{&quot;jet_parallax_layout_image&quot;:{&quot;url&quot;:&quot;&quot;,&quot;id&quot;:&quot;&quot;,&quot;size&quot;:&quot;&quot;},&quot;_id&quot;:&quot;d75d07a&quot;,&quot;jet_parallax_layout_image_widescreen&quot;:{&quot;url&quot;:&quot;&quot;,&quot;id&quot;:&quot;&quot;,&quot;size&quot;:&quot;&quot;},&quot;jet_parallax_layout_image_tablet&quot;:{&quot;url&quot;:&quot;&quot;,&quot;id&quot;:&quot;&quot;,&quot;size&quot;:&quot;&quot;},&quot;jet_parallax_layout_image_mobile&quot;:{&quot;url&quot;:&quot;&quot;,&quot;id&quot;:&quot;&quot;,&quot;size&quot;:&quot;&quot;},&quot;jet_parallax_layout_speed&quot;:{&quot;unit&quot;:&quot;%&quot;,&quot;size&quot;:50,&quot;sizes&quot;:[]},&quot;jet_parallax_layout_type&quot;:&quot;scroll&quot;,&quot;jet_parallax_layout_direction&quot;:null,&quot;jet_parallax_layout_fx_direction&quot;:null,&quot;jet_parallax_layout_z_index&quot;:&quot;&quot;,&quot;jet_parallax_layout_bg_x&quot;:50,&quot;jet_parallax_layout_bg_x_widescreen&quot;:&quot;&quot;,&quot;jet_parallax_layout_bg_x_tablet&quot;:&quot;&quot;,&quot;jet_parallax_layout_bg_x_mobile&quot;:&quot;&quot;,&quot;jet_parallax_layout_bg_y&quot;:50,&quot;jet_parallax_layout_bg_y_widescreen&quot;:&quot;&quot;,&quot;jet_parallax_layout_bg_y_tablet&quot;:&quot;&quot;,&quot;jet_parallax_layout_bg_y_mobile&quot;:&quot;&quot;,&quot;jet_parallax_layout_bg_size&quot;:&quot;auto&quot;,&quot;jet_parallax_layout_bg_size_widescreen&quot;:&quot;&quot;,&quot;jet_parallax_layout_bg_size_tablet&quot;:&quot;&quot;,&quot;jet_parallax_layout_bg_size_mobile&quot;:&quot;&quot;,&quot;jet_parallax_layout_animation_prop&quot;:&quot;transform&quot;,&quot;jet_parallax_layout_on&quot;:[&quot;desktop&quot;,&quot;tablet&quot;]}]}\">\n\t\t\t\t\t\t<div class=\"elementor-container elementor-column-gap-default\">\n\t\t\t\t\t<div class=\"elementor-column elementor-col-100 elementor-inner-column elementor-element elementor-element-fc2177e\" data-id=\"fc2177e\" data-element_type=\"column\" data-settings=\"{&quot;background_background&quot;:&quot;classic&quot;}\">\n\t\t\t<div class=\"elementor-widget-wrap elementor-element-populated\">\n\t\t\t\t\t\t<div class=\"elementor-element elementor-element-5bd757c4 elementor-widget elementor-widget-heading\" data-id=\"5bd757c4\" data-element_type=\"widget\" data-widget_type=\"heading.default\">\n\t\t\t\t<div class=\"elementor-widget-container\">\n\t\t\t<h2 class=\"elementor-heading-title elementor-size-default\">Codes g\u00e9n\u00e9raux<\/h2>\t\t<\/div>\n\t\t\t\t<\/div>\n\t\t\t\t<div class=\"elementor-element elementor-element-4beddd51 nice-list elementor-widget elementor-widget-text-editor\" data-id=\"4beddd51\" data-element_type=\"widget\" data-widget_type=\"text-editor.default\">\n\t\t\t\t<div class=\"elementor-widget-container\">\n\t\t\t\t\t\t\t<ul><li><span class=\"views-field views-field-title\"><a href=\"https:\/\/www.jep.be\/wp-content\/uploads\/2025\/01\/ICC-Publicite-et-Marketing-Code-de-Communications-2024-comp.pdf\" target=\"_blank\" rel=\"noopener\">Code de la Chambre de Commerce Internationale<\/a>\u00a0<\/span><\/li><li><span class=\"views-field views-field-title\"><a href=\"https:\/\/www.jep.be\/wp-content\/uploads\/2025\/01\/Table-de-concordance-Code-ICC-2024-2018-2011.pdf\" target=\"_blank\" rel=\"noopener\">Table de concordance Code ICC 2024-2018<\/a>\u00a0<\/span><\/li><\/ul>\t\t\t\t\t\t<\/div>\n\t\t\t\t<\/div>\n\t\t\t\t<div class=\"elementor-element elementor-element-67d5c03 elementor-widget elementor-widget-heading\" data-id=\"67d5c03\" data-element_type=\"widget\" data-widget_type=\"heading.default\">\n\t\t\t\t<div class=\"elementor-widget-container\">\n\t\t\t<h2 class=\"elementor-heading-title elementor-size-default\">Codes sectoriels<\/h2>\t\t<\/div>\n\t\t\t\t<\/div>\n\t\t\t\t<div class=\"elementor-element elementor-element-0317c27 nice-list elementor-widget elementor-widget-text-editor\" data-id=\"0317c27\" data-element_type=\"widget\" data-widget_type=\"text-editor.default\">\n\t\t\t\t<div class=\"elementor-widget-container\">\n\t\t\t\t\t\t\t<ul><li><span class=\"views-field views-field-title\"><a href=\"https:\/\/conseildelapublicite.be\/app\/uploads\/2024\/10\/RvR-10.24-Convention-en-matiere-de-publicite-et-de-commercialisation-des-boissons-contentant-de-lalcool.pdf\" target=\"_blank\" rel=\"noopener\">Convention en mati\u00e8re de publicit\u00e9 et de commercialisation des boissons contenant de l\u2019alcool<\/a>\u00a0<\/span><\/li><li><span class=\"views-field views-field-title\"><a href=\"https:\/\/www.jep.be\/wp-content\/uploads\/2025\/06\/Belgian-Food-Advertising-Code-FR.pdf\" target=\"_blank\" rel=\"noopener\">Code de publicit\u00e9 pour les denr\u00e9es alimentaires\u00a0<\/a><\/span><\/li><li><a href=\"https:\/\/www.jep.be\/wp-content\/uploads\/2026\/04\/BeFac-FR-note-dorientation-perimetre-ecoles.pdf\" target=\"_blank\" rel=\"noopener\">Note d\u2019orientation sur la mise en oeuvre &#8211; Code de publicit\u00e9 pour les denr\u00e9es alimentaires\u00a0<\/a><\/li><li><span class=\"views-field views-field-title\"><a href=\"https:\/\/www.jep.be\/wp-content\/uploads\/2023\/04\/FEBIAC-Code-de-publicite-2023.pdf\" target=\"_blank\" rel=\"noopener\">Code en mati\u00e8re de publicit\u00e9 pour les v\u00e9hicules automobiles ainsi que leurs composants et accessoires (code FEBIAC)<\/a>\u00a0<\/span><\/li><li><span class=\"views-field views-field-title\"><a href=\"https:\/\/www.jep.be\/wp-content\/uploads\/2025\/03\/DETIC_Code_cosm_FR.pdf\" target=\"_blank\" rel=\"noopener\">Code de la publicit\u00e9 et de la communication commerciale pour les produits cosm\u00e9tiques (Code Detic en mati\u00e8re de cosm\u00e9tiques)<\/a>\u00a0<\/span><\/li><li><a href=\"https:\/\/www.jep.be\/wp-content\/uploads\/2025\/01\/detic-code-det-fr-nouveau.pdf\" target=\"_blank\" rel=\"noopener\">Code de la publicit\u00e9 et de la communication commerciale pour les produits d\u00e9tergents et d\u2019entretien m\u00e9nager (Code Detic en mati\u00e8re de d\u00e9tergents)<\/a><\/li><li><a href=\"https:\/\/www.jep.be\/wp-content\/uploads\/2023\/12\/RE-EF_Code-de-la-recolte-de-fonds-ethique_2023.pdf\" target=\"_blank\" rel=\"noopener\">Code de la r\u00e9colte de fonds \u00e9thique (Code RE-EF)<\/a><\/li><li><span class=\"views-field views-field-title\"><a href=\"https:\/\/www.jep.be\/sites\/default\/files\/rule_reccommendation\/code_voor_ethische_reclame_fr.pdf\" target=\"_blank\" rel=\"noopener\">Code de publicit\u00e9 \u00e9thique et responsable de la Loterie Nationale<\/a>\u00a0<\/span><\/li><li><span class=\"views-field views-field-title\"><a href=\"https:\/\/www.jep.be\/sites\/default\/files\/rule_reccommendation\/gofguidelinesfraug2011.pdf\" target=\"_blank\" rel=\"noopener\">Directives GOF<\/a>\u00a0<\/span><\/li><li><span class=\"views-field views-field-title\"><a href=\"https:\/\/www.jep.be\/sites\/default\/files\/rule_reccommendation\/code_de_conduite_pour_les_banques.pdf\" target=\"_blank\" rel=\"noopener\">Code de conduite pour les banques\u00a0<\/a><\/span><\/li><\/ul>\t\t\t\t\t\t<\/div>\n\t\t\t\t<\/div>\n\t\t\t\t<div class=\"elementor-element elementor-element-4a8f249 elementor-widget elementor-widget-heading\" data-id=\"4a8f249\" data-element_type=\"widget\" data-widget_type=\"heading.default\">\n\t\t\t\t<div class=\"elementor-widget-container\">\n\t\t\t<h2 class=\"elementor-heading-title elementor-size-default\">Codes intersectoriels<\/h2>\t\t<\/div>\n\t\t\t\t<\/div>\n\t\t\t\t<div class=\"elementor-element elementor-element-0bb35e3 nice-list elementor-widget elementor-widget-text-editor\" data-id=\"0bb35e3\" data-element_type=\"widget\" data-widget_type=\"text-editor.default\">\n\t\t\t\t<div class=\"elementor-widget-container\">\n\t\t\t\t\t\t\t<ul><li><span class=\"views-field views-field-title\"><a href=\"https:\/\/www.jep.be\/sites\/default\/files\/rule_reccommendation\/milieu_fr.pdf\" target=\"_blank\" rel=\"noopener\">Code de la publicit\u00e9 \u00e9cologique<\/a>\u00a0<\/span><\/li><li><span class=\"views-field views-field-title\"><a href=\"https:\/\/www.jep.be\/sites\/default\/files\/rule_reccommendation\/code_en_matiere_didentification_des_publicites_natives_et_communications_commerciales_connexes.pdf\" target=\"_blank\" rel=\"noopener\">Code en mati\u00e8re d&rsquo;identification des publicit\u00e9s natives et communications commerciales connexes<\/a>\u00a0<\/span><\/li><li><a href=\"https:\/\/www.jep.be\/wp-content\/uploads\/2025\/08\/CODE-RELATIF-A-LIDENTIFICATION-DES-COMMUNICATIONS-COMMERCIALES-PAR-LES-INFLUENCEURS-ET-CREATEURS-DE-CONTENU.pdf\">Code relatif a l&rsquo;identification des communications commerciales par les influenceurs et createurs de contenu<\/a><\/li><\/ul>\t\t\t\t\t\t<\/div>\n\t\t\t\t<\/div>\n\t\t\t\t<div class=\"elementor-element elementor-element-0a45205 elementor-widget elementor-widget-heading\" data-id=\"0a45205\" data-element_type=\"widget\" data-widget_type=\"heading.default\">\n\t\t\t\t<div class=\"elementor-widget-container\">\n\t\t\t<h2 class=\"elementor-heading-title elementor-size-default\">R\u00e8gles \/ Recommandations \/ Documents compl\u00e9mentaires<\/h2>\t\t<\/div>\n\t\t\t\t<\/div>\n\t\t\t\t<div class=\"elementor-element elementor-element-24d80d0 nice-list elementor-widget elementor-widget-text-editor\" data-id=\"24d80d0\" data-element_type=\"widget\" data-widget_type=\"text-editor.default\">\n\t\t\t\t<div class=\"elementor-widget-container\">\n\t\t\t\t\t\t\t<ul><li><a href=\"https:\/\/www.jep.be\/wp-content\/uploads\/2025\/08\/RvR25-AIinAdvertising-FR.pdf\">L&rsquo;IA dans la publicit\u00e9: 12 principes clairs<\/a><\/li><li><span class=\"views-field views-field-title\"><a href=\"https:\/\/www.jep.be\/sites\/default\/files\/rule_reccommendation\/voorstelling_persoon_fr.pdf\" target=\"_blank\" rel=\"noopener\">R\u00e8gles en mati\u00e8re de repr\u00e9sentation de la personne<\/a>\u00a0<\/span><\/li><li><span class=\"views-field views-field-title\"><a href=\"https:\/\/www.jep.be\/sites\/default\/files\/rule_reccommendation\/humor_fr.pdf\" target=\"_blank\" rel=\"noopener\">R\u00e8gles en mati\u00e8re d&rsquo;humour en publicit\u00e9<\/a>\u00a0<\/span><\/li><li><span class=\"views-field views-field-title\"><a href=\"https:\/\/www.jep.be\/sites\/default\/files\/rule_reccommendation\/kinderfeesten_fr.pdf\" target=\"_blank\" rel=\"noopener\">Recommandations en mati\u00e8re de publicit\u00e9 relative aux f\u00eates enfantines<\/a>\u00a0<\/span><\/li><li><span class=\"views-field views-field-title\"><a href=\"https:\/\/www.jep.be\/sites\/default\/files\/rule_reccommendation\/isolation_fr.pdf\" target=\"_blank\" rel=\"noopener\">R\u00e8gles en mati\u00e8re de publicit\u00e9 pour isolation, combustibles et \u00e9nergies de chauffage<\/a>\u00a0<\/span><\/li><li><span class=\"views-field views-field-title\"><a href=\"https:\/\/www.jep.be\/sites\/default\/files\/rule_reccommendation\/beddegoed_fr.pdf\" target=\"_blank\" rel=\"noopener\">R\u00e8gles en mati\u00e8re de r\u00e9f\u00e9rences m\u00e9dicales dans la publicit\u00e9 pour la literie<\/a>\u00a0<\/span><\/li><li><span class=\"views-field views-field-title\"><a href=\"https:\/\/www.jep.be\/sites\/default\/files\/rule_reccommendation\/regles_relatives_a_la_publicite_non-commerciale_-_juin_2015_0.pdf\" target=\"_blank\" rel=\"noopener\">R\u00e8gles en mati\u00e8re de publicit\u00e9 non-commerciale<\/a>\u00a0<\/span><\/li><li><span class=\"views-field views-field-title\"><a href=\"https:\/\/www.jep.be\/sites\/default\/files\/rule_reccommendation\/produits_pour_maigrir.pdf\" target=\"_blank\" rel=\"noopener\">R\u00e8gles en mati\u00e8re de publicit\u00e9 relative aux produits pour maigrir<\/a>\u00a0<\/span><\/li><li><a href=\"https:\/\/www.jep.be\/wp-content\/uploads\/2026\/04\/Reference_List_AEA_20260212-2.xlsx\" target=\"_blank\" rel=\"noopener\">Liste de r\u00e9f\u00e9rence \u00e9coles<\/a><\/li><li><a href=\"https:\/\/www.jep.be\/wp-content\/uploads\/2026\/04\/UMA-Nutritional-Campaign__Compliance_Checklist-TEMPLATE.xlsx\" target=\"_blank\" rel=\"noopener\">Liste de conformit\u00e9 p\u00e9rim\u00e8tre \u00e9coles<\/a><\/li><\/ul>\t\t\t\t\t\t<\/div>\n\t\t\t\t<\/div>\n\t\t\t\t\t<\/div>\n\t\t<\/div>\n\t\t\t\t\t<\/div>\n\t\t<\/section>\n\t\t\t\t\t<\/div>\n\t\t<\/div>\n\t\t\t\t\t<\/div>\n\t\t<\/section>\n\t\t\t\t<\/div>\n\t\t","protected":false},"excerpt":{"rendered":"<p>Le Jury d\u2019Ethique Publicitaire (JEP) base ses d\u00e9cisions d\u2019une part sur les dispositions l\u00e9gales (loi sur les pratiques de commerce, l\u00e9gislation par cat\u00e9gorie de produits et services,\u2026) et d\u2019autre part sur les dispositions autodisciplinaires (codes, r\u00e8gles, recommandations). Sur cette page, vous trouverez diff\u00e9rents codes et r\u00e8gles autodisciplinaires qui sont appliqu\u00e9s par le JEP. L\u2019autodiscipline est [&hellip;]<\/p>\n","protected":false},"author":1,"featured_media":0,"parent":0,"menu_order":0,"comment_status":"closed","ping_status":"closed","template":"","meta":{"footnotes":""},"class_list":["post-12190","page","type-page","status-publish","hentry"],"yoast_head":"<!-- This site is optimized with the Yoast SEO plugin v23.1 - https:\/\/yoast.com\/wordpress\/plugins\/seo\/ -->\n<title>Codes \/ R\u00e8gles - JEP - Jury d&#039;Ethique Publicitaire<\/title>\n<meta name=\"robots\" content=\"index, follow, max-snippet:-1, max-image-preview:large, max-video-preview:-1\" \/>\n<link rel=\"canonical\" href=\"https:\/\/www.jep.be\/fr\/codes-regles\/\" \/>\n<meta property=\"og:locale\" content=\"fr_FR\" \/>\n<meta property=\"og:type\" content=\"article\" \/>\n<meta property=\"og:title\" content=\"Codes \/ R\u00e8gles - JEP - Jury d&#039;Ethique Publicitaire\" \/>\n<meta property=\"og:description\" content=\"Le Jury d\u2019Ethique Publicitaire (JEP) base ses d\u00e9cisions d\u2019une part sur les dispositions l\u00e9gales (loi sur les pratiques de commerce, l\u00e9gislation par cat\u00e9gorie de produits et services,\u2026) et d\u2019autre part sur les dispositions autodisciplinaires (codes, r\u00e8gles, recommandations). Sur cette page, vous trouverez diff\u00e9rents codes et r\u00e8gles autodisciplinaires qui sont appliqu\u00e9s par le JEP. L\u2019autodiscipline est [&hellip;]\" \/>\n<meta property=\"og:url\" content=\"https:\/\/www.jep.be\/fr\/codes-regles\/\" \/>\n<meta property=\"og:site_name\" content=\"JEP - Jury d&#039;Ethique Publicitaire\" \/>\n<meta property=\"article:modified_time\" content=\"2026-04-23T12:29:33+00:00\" \/>\n<meta name=\"twitter:card\" content=\"summary_large_image\" \/>\n<meta name=\"twitter:label1\" content=\"Dur\u00e9e de lecture estim\u00e9e\" \/>\n\t<meta name=\"twitter:data1\" content=\"2 minutes\" \/>\n<script type=\"application\/ld+json\" class=\"yoast-schema-graph\">{\"@context\":\"https:\/\/schema.org\",\"@graph\":[{\"@type\":\"WebPage\",\"@id\":\"https:\/\/www.jep.be\/fr\/codes-regles\/\",\"url\":\"https:\/\/www.jep.be\/fr\/codes-regles\/\",\"name\":\"Codes \/ R\u00e8gles - JEP - Jury d'Ethique Publicitaire\",\"isPartOf\":{\"@id\":\"https:\/\/www.jep.be\/#website\"},\"datePublished\":\"2022-03-02T08:59:09+00:00\",\"dateModified\":\"2026-04-23T12:29:33+00:00\",\"breadcrumb\":{\"@id\":\"https:\/\/www.jep.be\/fr\/codes-regles\/#breadcrumb\"},\"inLanguage\":\"fr-FR\",\"potentialAction\":[{\"@type\":\"ReadAction\",\"target\":[\"https:\/\/www.jep.be\/fr\/codes-regles\/\"]}]},{\"@type\":\"BreadcrumbList\",\"@id\":\"https:\/\/www.jep.be\/fr\/codes-regles\/#breadcrumb\",\"itemListElement\":[{\"@type\":\"ListItem\",\"position\":1,\"name\":\"Home\",\"item\":\"https:\/\/www.jep.be\/\"},{\"@type\":\"ListItem\",\"position\":2,\"name\":\"Codes \/ R\u00e8gles\"}]},{\"@type\":\"WebSite\",\"@id\":\"https:\/\/www.jep.be\/#website\",\"url\":\"https:\/\/www.jep.be\/\",\"name\":\"JEP - Jury d'Ethique Publicitaire\",\"description\":\"\",\"publisher\":{\"@id\":\"https:\/\/www.jep.be\/#organization\"},\"potentialAction\":[{\"@type\":\"SearchAction\",\"target\":{\"@type\":\"EntryPoint\",\"urlTemplate\":\"https:\/\/www.jep.be\/?s={search_term_string}\"},\"query-input\":\"required name=search_term_string\"}],\"inLanguage\":\"fr-FR\"},{\"@type\":\"Organization\",\"@id\":\"https:\/\/www.jep.be\/#organization\",\"name\":\"JEP - Jury d'Ethique Publicitaire\",\"url\":\"https:\/\/www.jep.be\/\",\"logo\":{\"@type\":\"ImageObject\",\"inLanguage\":\"fr-FR\",\"@id\":\"https:\/\/www.jep.be\/#\/schema\/logo\/image\/\",\"url\":\"https:\/\/www.jep.be\/wp-content\/uploads\/2023\/04\/JEPCC-NF-horz-rgb-2.png\",\"contentUrl\":\"https:\/\/www.jep.be\/wp-content\/uploads\/2023\/04\/JEPCC-NF-horz-rgb-2.png\",\"width\":2025,\"height\":341,\"caption\":\"JEP - Jury d'Ethique Publicitaire\"},\"image\":{\"@id\":\"https:\/\/www.jep.be\/#\/schema\/logo\/image\/\"}}]}<\/script>\n<!-- \/ Yoast SEO plugin. -->","yoast_head_json":{"title":"Codes \/ R\u00e8gles - JEP - Jury d'Ethique Publicitaire","robots":{"index":"index","follow":"follow","max-snippet":"max-snippet:-1","max-image-preview":"max-image-preview:large","max-video-preview":"max-video-preview:-1"},"canonical":"https:\/\/www.jep.be\/fr\/codes-regles\/","og_locale":"fr_FR","og_type":"article","og_title":"Codes \/ R\u00e8gles - JEP - Jury d'Ethique Publicitaire","og_description":"Le Jury d\u2019Ethique Publicitaire (JEP) base ses d\u00e9cisions d\u2019une part sur les dispositions l\u00e9gales (loi sur les pratiques de commerce, l\u00e9gislation par cat\u00e9gorie de produits et services,\u2026) et d\u2019autre part sur les dispositions autodisciplinaires (codes, r\u00e8gles, recommandations). Sur cette page, vous trouverez diff\u00e9rents codes et r\u00e8gles autodisciplinaires qui sont appliqu\u00e9s par le JEP. L\u2019autodiscipline est [&hellip;]","og_url":"https:\/\/www.jep.be\/fr\/codes-regles\/","og_site_name":"JEP - Jury d'Ethique Publicitaire","article_modified_time":"2026-04-23T12:29:33+00:00","twitter_card":"summary_large_image","twitter_misc":{"Dur\u00e9e de lecture estim\u00e9e":"2 minutes"},"schema":{"@context":"https:\/\/schema.org","@graph":[{"@type":"WebPage","@id":"https:\/\/www.jep.be\/fr\/codes-regles\/","url":"https:\/\/www.jep.be\/fr\/codes-regles\/","name":"Codes \/ R\u00e8gles - JEP - Jury d'Ethique Publicitaire","isPartOf":{"@id":"https:\/\/www.jep.be\/#website"},"datePublished":"2022-03-02T08:59:09+00:00","dateModified":"2026-04-23T12:29:33+00:00","breadcrumb":{"@id":"https:\/\/www.jep.be\/fr\/codes-regles\/#breadcrumb"},"inLanguage":"fr-FR","potentialAction":[{"@type":"ReadAction","target":["https:\/\/www.jep.be\/fr\/codes-regles\/"]}]},{"@type":"BreadcrumbList","@id":"https:\/\/www.jep.be\/fr\/codes-regles\/#breadcrumb","itemListElement":[{"@type":"ListItem","position":1,"name":"Home","item":"https:\/\/www.jep.be\/"},{"@type":"ListItem","position":2,"name":"Codes \/ R\u00e8gles"}]},{"@type":"WebSite","@id":"https:\/\/www.jep.be\/#website","url":"https:\/\/www.jep.be\/","name":"JEP - Jury d'Ethique Publicitaire","description":"","publisher":{"@id":"https:\/\/www.jep.be\/#organization"},"potentialAction":[{"@type":"SearchAction","target":{"@type":"EntryPoint","urlTemplate":"https:\/\/www.jep.be\/?s={search_term_string}"},"query-input":"required name=search_term_string"}],"inLanguage":"fr-FR"},{"@type":"Organization","@id":"https:\/\/www.jep.be\/#organization","name":"JEP - Jury d'Ethique Publicitaire","url":"https:\/\/www.jep.be\/","logo":{"@type":"ImageObject","inLanguage":"fr-FR","@id":"https:\/\/www.jep.be\/#\/schema\/logo\/image\/","url":"https:\/\/www.jep.be\/wp-content\/uploads\/2023\/04\/JEPCC-NF-horz-rgb-2.png","contentUrl":"https:\/\/www.jep.be\/wp-content\/uploads\/2023\/04\/JEPCC-NF-horz-rgb-2.png","width":2025,"height":341,"caption":"JEP - Jury d'Ethique Publicitaire"},"image":{"@id":"https:\/\/www.jep.be\/#\/schema\/logo\/image\/"}}]}},"_links":{"self":[{"href":"https:\/\/www.jep.be\/fr\/wp-json\/wp\/v2\/pages\/12190","targetHints":{"allow":["GET"]}}],"collection":[{"href":"https:\/\/www.jep.be\/fr\/wp-json\/wp\/v2\/pages"}],"about":[{"href":"https:\/\/www.jep.be\/fr\/wp-json\/wp\/v2\/types\/page"}],"author":[{"embeddable":true,"href":"https:\/\/www.jep.be\/fr\/wp-json\/wp\/v2\/users\/1"}],"replies":[{"embeddable":true,"href":"https:\/\/www.jep.be\/fr\/wp-json\/wp\/v2\/comments?post=12190"}],"version-history":[{"count":94,"href":"https:\/\/www.jep.be\/fr\/wp-json\/wp\/v2\/pages\/12190\/revisions"}],"predecessor-version":[{"id":18688,"href":"https:\/\/www.jep.be\/fr\/wp-json\/wp\/v2\/pages\/12190\/revisions\/18688"}],"wp:attachment":[{"href":"https:\/\/www.jep.be\/fr\/wp-json\/wp\/v2\/media?parent=12190"}],"curies":[{"name":"wp","href":"https:\/\/api.w.org\/{rel}","templated":true}]}}