{"id":12163,"date":"2022-02-28T10:39:38","date_gmt":"2022-02-28T09:39:38","guid":{"rendered":"https:\/\/www.jep.be\/info-sur-la-procedure-davis\/"},"modified":"2026-04-08T10:50:07","modified_gmt":"2026-04-08T08:50:07","slug":"info-sur-la-procedure-davis","status":"publish","type":"page","link":"https:\/\/www.jep.be\/fr\/info-sur-la-procedure-davis\/","title":{"rendered":"Info sur la proc\u00e9dure d\u2019avis"},"content":{"rendered":"\t\t<div data-elementor-type=\"wp-page\" data-elementor-id=\"12163\" class=\"elementor elementor-12163 elementor-689\" data-elementor-post-type=\"page\">\n\t\t\t\t\t\t<section class=\"elementor-section elementor-top-section elementor-element elementor-element-d8246a3 elementor-section-boxed elementor-section-height-default elementor-section-height-default\" data-id=\"d8246a3\" data-element_type=\"section\" data-settings=\"{&quot;jet_parallax_layout_list&quot;:[{&quot;jet_parallax_layout_image&quot;:{&quot;url&quot;:&quot;&quot;,&quot;id&quot;:&quot;&quot;,&quot;size&quot;:&quot;&quot;},&quot;_id&quot;:&quot;5084579&quot;,&quot;jet_parallax_layout_image_widescreen&quot;:{&quot;url&quot;:&quot;&quot;,&quot;id&quot;:&quot;&quot;,&quot;size&quot;:&quot;&quot;},&quot;jet_parallax_layout_image_tablet&quot;:{&quot;url&quot;:&quot;&quot;,&quot;id&quot;:&quot;&quot;,&quot;size&quot;:&quot;&quot;},&quot;jet_parallax_layout_image_mobile&quot;:{&quot;url&quot;:&quot;&quot;,&quot;id&quot;:&quot;&quot;,&quot;size&quot;:&quot;&quot;},&quot;jet_parallax_layout_speed&quot;:{&quot;unit&quot;:&quot;%&quot;,&quot;size&quot;:50,&quot;sizes&quot;:[]},&quot;jet_parallax_layout_type&quot;:&quot;scroll&quot;,&quot;jet_parallax_layout_direction&quot;:null,&quot;jet_parallax_layout_fx_direction&quot;:null,&quot;jet_parallax_layout_z_index&quot;:&quot;&quot;,&quot;jet_parallax_layout_bg_x&quot;:50,&quot;jet_parallax_layout_bg_x_widescreen&quot;:&quot;&quot;,&quot;jet_parallax_layout_bg_x_tablet&quot;:&quot;&quot;,&quot;jet_parallax_layout_bg_x_mobile&quot;:&quot;&quot;,&quot;jet_parallax_layout_bg_y&quot;:50,&quot;jet_parallax_layout_bg_y_widescreen&quot;:&quot;&quot;,&quot;jet_parallax_layout_bg_y_tablet&quot;:&quot;&quot;,&quot;jet_parallax_layout_bg_y_mobile&quot;:&quot;&quot;,&quot;jet_parallax_layout_bg_size&quot;:&quot;auto&quot;,&quot;jet_parallax_layout_bg_size_widescreen&quot;:&quot;&quot;,&quot;jet_parallax_layout_bg_size_tablet&quot;:&quot;&quot;,&quot;jet_parallax_layout_bg_size_mobile&quot;:&quot;&quot;,&quot;jet_parallax_layout_animation_prop&quot;:&quot;transform&quot;,&quot;jet_parallax_layout_on&quot;:[&quot;desktop&quot;,&quot;tablet&quot;]}]}\">\n\t\t\t\t\t\t<div class=\"elementor-container elementor-column-gap-default\">\n\t\t\t\t\t<div class=\"elementor-column elementor-col-66 elementor-top-column elementor-element elementor-element-8b38b7e\" data-id=\"8b38b7e\" data-element_type=\"column\">\n\t\t\t<div class=\"elementor-widget-wrap elementor-element-populated\">\n\t\t\t\t\t\t<div class=\"elementor-element elementor-element-86c923a elementor-widget elementor-widget-heading\" data-id=\"86c923a\" data-element_type=\"widget\" data-widget_type=\"heading.default\">\n\t\t\t\t<div class=\"elementor-widget-container\">\n\t\t\t<style>\/*! elementor - v3.23.0 - 23-07-2024 *\/\n.elementor-heading-title{padding:0;margin:0;line-height:1}.elementor-widget-heading .elementor-heading-title[class*=elementor-size-]>a{color:inherit;font-size:inherit;line-height:inherit}.elementor-widget-heading .elementor-heading-title.elementor-size-small{font-size:15px}.elementor-widget-heading .elementor-heading-title.elementor-size-medium{font-size:19px}.elementor-widget-heading .elementor-heading-title.elementor-size-large{font-size:29px}.elementor-widget-heading .elementor-heading-title.elementor-size-xl{font-size:39px}.elementor-widget-heading .elementor-heading-title.elementor-size-xxl{font-size:59px}<\/style><h1 class=\"elementor-heading-title elementor-size-default\">Info sur la proc\u00e9dure d\u2019avis<\/h1>\t\t<\/div>\n\t\t\t\t<\/div>\n\t\t\t\t<div class=\"elementor-element elementor-element-7504b71 elementor-widget elementor-widget-text-editor\" data-id=\"7504b71\" data-element_type=\"widget\" data-widget_type=\"text-editor.default\">\n\t\t\t\t<div class=\"elementor-widget-container\">\n\t\t\t<style>\/*! elementor - v3.23.0 - 23-07-2024 *\/\n.elementor-widget-text-editor.elementor-drop-cap-view-stacked .elementor-drop-cap{background-color:#69727d;color:#fff}.elementor-widget-text-editor.elementor-drop-cap-view-framed .elementor-drop-cap{color:#69727d;border:3px solid;background-color:transparent}.elementor-widget-text-editor:not(.elementor-drop-cap-view-default) .elementor-drop-cap{margin-top:8px}.elementor-widget-text-editor:not(.elementor-drop-cap-view-default) .elementor-drop-cap-letter{width:1em;height:1em}.elementor-widget-text-editor .elementor-drop-cap{float:left;text-align:center;line-height:1;font-size:50px}.elementor-widget-text-editor .elementor-drop-cap-letter{display:inline-block}<\/style>\t\t\t\t<p><strong>Demandez un avis sur votre publicit\u00e9<\/strong><\/p><p>\u00cates-vous annonceur, agence de publicit\u00e9 ou m\u00e9dia ?\u00a0 Vous pouvez introduire une demande d&rsquo;avis aussi bien avant que pendant ou apr\u00e8s la diffusion d&rsquo;une publicit\u00e9.<\/p><p><strong>Types d&rsquo;avis<\/strong><\/p><p>Choississez le type d&rsquo;avis qui correspond \u00e0 votre besoin :<\/p><h3>1) Un avis rendu par le Secr\u00e9tariat du JEP (compos\u00e9 de deux juristes)<\/h3><ol><li>Cet avis consiste en un aper\u00e7u objectif :<\/li><\/ol><ul><li>des dispositions \u00e9thiques et\/ou l\u00e9gales applicables ;<\/li><li>de la jurisprudence pertinente du JEP relative \u00e0 la mati\u00e8re concern\u00e9e.<\/li><\/ul><p>Cet avis n\u2019est pas contraignant pour le Jury, qui reste libre de prendre sa d\u00e9cision en cas de plainte(s) ult\u00e9rieure(s).<\/p><h3>2) Un avis rendu par le Jury<\/h3><ol><li>Outre les dispositions \u00e9thiques et\/ou l\u00e9gales applicables et la jurisprudence pertinente du JEP relative \u00e0 la mati\u00e8re concern\u00e9e, cet avis comprend \u00e9galement une approbation (\u00e9ventuellement assortie de conditions) ou une d\u00e9sapprobation de la publicit\u00e9 ou du projet de publicit\u00e9 soumis.<\/li><\/ol><p>Cet avis est contraignant en cas de plainte(s) ult\u00e9rieure(s) (uniquement pour les \u00e9l\u00e9ments trait\u00e9s dans l\u2019avis).<\/p><p><strong>Confidentialit\u00e9<\/strong><\/p><p>Les demandes d&rsquo;avis sont trait\u00e9es en toute confidentialit\u00e9 et les membres du Jury qui sont en position de conflit d&rsquo;int\u00e9r\u00eat par rapport aux cas soumis ne participent pas aux d\u00e9lib\u00e9rations.<\/p><p>Les avis rendus sont \u00e9galement confidentiels.<\/p><p>Attention : un avis ne constitue pas une garantie juridique. En cas de litige, seuls les tribunaux sont comp\u00e9tents.<\/p><p>Co\u00fbt, \u00e0 partir du 01\/01\/2026 :<\/p>\t\t\t\t\t\t<\/div>\n\t\t\t\t<\/div>\n\t\t\t\t<div class=\"elementor-element elementor-element-f634591 elementor-widget elementor-widget-jet-table\" data-id=\"f634591\" data-element_type=\"widget\" data-widget_type=\"jet-table.default\">\n\t\t\t\t<div class=\"elementor-widget-container\">\n\t\t\t<div class=\"elementor-jet-table jet-elements\">\n\t\t<div class=\"jet-table-wrapper jet-table-responsive-mobile\">\n\t\t\t<table class=\"jet-table jet-table--fa5-compat\">\n\t\t\t\t<thead class=\"jet-table__head\"><tr class=\"jet-table__head-row\"><th class=\"jet-table__cell elementor-repeater-item-bb9c96e jet-table__head-cell\" colspan=\"3\" scope=\"col\"><div class=\"jet-table__cell-inner\"><div class=\"jet-table__cell-content\"><\/div><\/div><\/th><\/tr><\/thead>\n\t\t\t\t\t\t\t\t<tbody class=\"jet-table__body\"><tr class=\"jet-table__body-row elementor-repeater-item-491099b\"><td class=\"jet-table__cell elementor-repeater-item-8c39d5d jet-table__body-cell\"><div class=\"jet-table__cell-inner\"><div class=\"jet-table__cell-content\"><div class=\"jet-table__cell-text\">&nbsp;<\/div><\/div><\/div><\/td><td class=\"jet-table__cell elementor-repeater-item-dbd1583 jet-table__body-cell\"><div class=\"jet-table__cell-inner\"><div class=\"jet-table__cell-content\"><div class=\"jet-table__cell-text\">Pour les membres du Conseil de la Publicit\u00e9<\/div><\/div><\/div><\/td><td class=\"jet-table__cell elementor-repeater-item-c66e432 jet-table__body-cell\"><div class=\"jet-table__cell-inner\"><div class=\"jet-table__cell-content\"><div class=\"jet-table__cell-text\">Pour les non-membres du Conseil de la Publicit\u00e9<\/div><\/div><\/div><\/td><\/tr><tr class=\"jet-table__body-row elementor-repeater-item-00a0e0b\"><td class=\"jet-table__cell elementor-repeater-item-68bcab3 jet-table__body-cell\"><div class=\"jet-table__cell-inner\"><div class=\"jet-table__cell-content\"><div class=\"jet-table__cell-text\">Avis du Secr\u00e9tariat du JEP<\/div><\/div><\/div><\/td><td class=\"jet-table__cell elementor-repeater-item-0b30438 jet-table__body-cell\"><div class=\"jet-table__cell-inner\"><div class=\"jet-table__cell-content\"><div class=\"jet-table__cell-text\">200 euros HTVA<\/div><\/div><\/div><\/td><td class=\"jet-table__cell elementor-repeater-item-31af60a jet-table__body-cell\"><div class=\"jet-table__cell-inner\"><div class=\"jet-table__cell-content\"><div class=\"jet-table__cell-text\">400 euros HTVA<\/div><\/div><\/div><\/td><\/tr><tr class=\"jet-table__body-row elementor-repeater-item-7bb53c8\"><td class=\"jet-table__cell elementor-repeater-item-381ea8e jet-table__body-cell\"><div class=\"jet-table__cell-inner\"><div class=\"jet-table__cell-content\"><div class=\"jet-table__cell-text\">Avis du Jury<\/div><\/div><\/div><\/td><td class=\"jet-table__cell elementor-repeater-item-3b4cdcf jet-table__body-cell\"><div class=\"jet-table__cell-inner\"><div class=\"jet-table__cell-content\"><div class=\"jet-table__cell-text\">350 euros HTVA<\/div><\/div><\/div><\/td><td class=\"jet-table__cell elementor-repeater-item-1e48ba3 jet-table__body-cell\"><div class=\"jet-table__cell-inner\"><div class=\"jet-table__cell-content\"><div class=\"jet-table__cell-text\">700 euros HTVA<\/div><\/div><\/div><\/td><\/tr><\/tbody>\n\t\t\t<\/table>\n\t\t<\/div>\n\n\t\t<\/div>\t\t<\/div>\n\t\t\t\t<\/div>\n\t\t\t\t<div class=\"elementor-element elementor-element-4f59586 elementor-widget elementor-widget-text-editor\" data-id=\"4f59586\" data-element_type=\"widget\" data-widget_type=\"text-editor.default\">\n\t\t\t\t<div class=\"elementor-widget-container\">\n\t\t\t\t\t\t\t<p>Dans des circonstances exceptionnelles (par exemple : urgence de la demande, organisation de plusieurs r\u00e9unions pour son traitement, nombre de publicit\u00e9s \u00e0 examiner, etc.), un co\u00fbt plus \u00e9lev\u00e9 peut \u00eatre appliqu\u00e9.<\/p><p>Vous pouvez introduire une demande d\u2019avis :<\/p><ul><li>via le formulaire d\u2019avis en ligne ;<\/li><li>ou par e-mail : info@jep.be<\/li><\/ul><p>Dans ce cas, veuillez nous transmettre une demande d\u2019avis motiv\u00e9e ainsi que le mat\u00e9riel publicitaire concern\u00e9.<\/p><p><strong>Directives pour votre dossier<\/strong><\/p><p>Points d\u2019attention :<br \/>\u2022 Soumettez uniquement du mat\u00e9riel suffisamment concret pour permettre une \u00e9valuation. Il ne s\u2019agit pas d\u2019un concept de campagne, mais bien d\u2019une maquette, d\u2019un script, d\u2019un storyboard, etc.<br \/>\u2022 Pr\u00e9voyez les textes dans la ou les langues du march\u00e9 belge (en particulier lorsque la campagne a \u00e9t\u00e9 con\u00e7ue dans une langue \u00e9trang\u00e8re).<\/p><p>Veuillez \u00e9galement pr\u00e9ciser dans la motivation de votre demande d\u2019avis :<br \/>\u2022 le type d\u2019avis souhait\u00e9 : avis du Secr\u00e9tariat du JEP ou avis du Jury ;<br \/>\u2022 si vous \u00eates membre (ou membre d\u2019une association membre) du Conseil de la Publicit\u00e9.<\/p><p><strong>Paiement<\/strong><\/p><p>Le montant d\u00fb doit \u00eatre vers\u00e9 sur le compte 427-919151-39 (IBAN BE13 4279 1915 1139 \/ BIC KREDBEBB) avec la mention de la r\u00e9f\u00e9rence du dossier.<\/p>\t\t\t\t\t\t<\/div>\n\t\t\t\t<\/div>\n\t\t\t\t\t<\/div>\n\t\t<\/div>\n\t\t\t\t<div class=\"elementor-column elementor-col-33 elementor-top-column elementor-element elementor-element-d0e2db3\" data-id=\"d0e2db3\" data-element_type=\"column\">\n\t\t\t<div class=\"elementor-widget-wrap elementor-element-populated\">\n\t\t\t\t\t\t<section class=\"elementor-section elementor-inner-section elementor-element elementor-element-af74ad0 elementor-section-boxed elementor-section-height-default elementor-section-height-default\" data-id=\"af74ad0\" data-element_type=\"section\" data-settings=\"{&quot;jet_parallax_layout_list&quot;:[{&quot;jet_parallax_layout_image&quot;:{&quot;url&quot;:&quot;&quot;,&quot;id&quot;:&quot;&quot;,&quot;size&quot;:&quot;&quot;},&quot;_id&quot;:&quot;d75d07a&quot;,&quot;jet_parallax_layout_image_widescreen&quot;:{&quot;url&quot;:&quot;&quot;,&quot;id&quot;:&quot;&quot;,&quot;size&quot;:&quot;&quot;},&quot;jet_parallax_layout_image_tablet&quot;:{&quot;url&quot;:&quot;&quot;,&quot;id&quot;:&quot;&quot;,&quot;size&quot;:&quot;&quot;},&quot;jet_parallax_layout_image_mobile&quot;:{&quot;url&quot;:&quot;&quot;,&quot;id&quot;:&quot;&quot;,&quot;size&quot;:&quot;&quot;},&quot;jet_parallax_layout_speed&quot;:{&quot;unit&quot;:&quot;%&quot;,&quot;size&quot;:50,&quot;sizes&quot;:[]},&quot;jet_parallax_layout_type&quot;:&quot;scroll&quot;,&quot;jet_parallax_layout_direction&quot;:null,&quot;jet_parallax_layout_fx_direction&quot;:null,&quot;jet_parallax_layout_z_index&quot;:&quot;&quot;,&quot;jet_parallax_layout_bg_x&quot;:50,&quot;jet_parallax_layout_bg_x_widescreen&quot;:&quot;&quot;,&quot;jet_parallax_layout_bg_x_tablet&quot;:&quot;&quot;,&quot;jet_parallax_layout_bg_x_mobile&quot;:&quot;&quot;,&quot;jet_parallax_layout_bg_y&quot;:50,&quot;jet_parallax_layout_bg_y_widescreen&quot;:&quot;&quot;,&quot;jet_parallax_layout_bg_y_tablet&quot;:&quot;&quot;,&quot;jet_parallax_layout_bg_y_mobile&quot;:&quot;&quot;,&quot;jet_parallax_layout_bg_size&quot;:&quot;auto&quot;,&quot;jet_parallax_layout_bg_size_widescreen&quot;:&quot;&quot;,&quot;jet_parallax_layout_bg_size_tablet&quot;:&quot;&quot;,&quot;jet_parallax_layout_bg_size_mobile&quot;:&quot;&quot;,&quot;jet_parallax_layout_animation_prop&quot;:&quot;transform&quot;,&quot;jet_parallax_layout_on&quot;:[&quot;desktop&quot;,&quot;tablet&quot;]}],&quot;sticky&quot;:&quot;top&quot;,&quot;sticky_on&quot;:[&quot;widescreen&quot;,&quot;desktop&quot;],&quot;sticky_offset&quot;:20,&quot;sticky_parent&quot;:&quot;yes&quot;,&quot;sticky_effects_offset&quot;:0}\">\n\t\t\t\t\t\t<div class=\"elementor-container elementor-column-gap-default\">\n\t\t\t\t\t<div class=\"elementor-column elementor-col-100 elementor-inner-column elementor-element elementor-element-fc2177e\" data-id=\"fc2177e\" data-element_type=\"column\" data-settings=\"{&quot;background_background&quot;:&quot;classic&quot;}\">\n\t\t\t<div class=\"elementor-widget-wrap elementor-element-populated\">\n\t\t\t\t\t\t<div class=\"elementor-element elementor-element-5bd757c4 elementor-widget elementor-widget-heading\" data-id=\"5bd757c4\" data-element_type=\"widget\" data-widget_type=\"heading.default\">\n\t\t\t\t<div class=\"elementor-widget-container\">\n\t\t\t<h2 class=\"elementor-heading-title elementor-size-default\">DEMANDEZ UN AVIS<\/h2>\t\t<\/div>\n\t\t\t\t<\/div>\n\t\t\t\t<div class=\"elementor-element elementor-element-4beddd51 elementor-widget elementor-widget-text-editor\" data-id=\"4beddd51\" data-element_type=\"widget\" data-widget_type=\"text-editor.default\">\n\t\t\t\t<div class=\"elementor-widget-container\">\n\t\t\t\t\t\t\t<p>En tant qu\u2019annonceur, agence de publicit\u00e9 ou m\u00e9dia, vous pouvez soumettre une demande d\u2019avis avant, pendant et apr\u00e8s la diffusion d\u2019une publicit\u00e9.<\/p>\t\t\t\t\t\t<\/div>\n\t\t\t\t<\/div>\n\t\t\t\t<div class=\"elementor-element elementor-element-647962f4 elementor-widget elementor-widget-button\" data-id=\"647962f4\" data-element_type=\"widget\" data-widget_type=\"button.default\">\n\t\t\t\t<div class=\"elementor-widget-container\">\n\t\t\t\t\t<div class=\"elementor-button-wrapper\">\n\t\t\t<a class=\"elementor-button elementor-button-link elementor-size-md\" href=\"https:\/\/www.jep.be\/fr\/formulaire-de-demande-davis\/\">\n\t\t\t\t\t\t<span class=\"elementor-button-content-wrapper\">\n\t\t\t\t\t\t<span class=\"elementor-button-icon\">\n\t\t\t\t<i aria-hidden=\"true\" class=\"far fa-arrow-right\"><\/i>\t\t\t<\/span>\n\t\t\t\t\t\t\t\t\t<span class=\"elementor-button-text\">Formulaire de demande d'avis<\/span>\n\t\t\t\t\t<\/span>\n\t\t\t\t\t<\/a>\n\t\t<\/div>\n\t\t\t\t<\/div>\n\t\t\t\t<\/div>\n\t\t\t\t\t<\/div>\n\t\t<\/div>\n\t\t\t\t\t<\/div>\n\t\t<\/section>\n\t\t\t\t\t<\/div>\n\t\t<\/div>\n\t\t\t\t\t<\/div>\n\t\t<\/section>\n\t\t\t\t<\/div>\n\t\t","protected":false},"excerpt":{"rendered":"<p>Demandez un avis sur votre publicit\u00e9 \u00cates-vous annonceur, agence de publicit\u00e9 ou m\u00e9dia ?\u00a0 Vous pouvez introduire une demande d&rsquo;avis aussi bien avant que pendant ou apr\u00e8s la diffusion d&rsquo;une publicit\u00e9. Types d&rsquo;avis Choississez le type d&rsquo;avis qui correspond \u00e0 votre besoin : 1) Un avis rendu par le Secr\u00e9tariat du JEP (compos\u00e9 de deux [&hellip;]<\/p>\n","protected":false},"author":1,"featured_media":0,"parent":0,"menu_order":0,"comment_status":"closed","ping_status":"closed","template":"","meta":{"footnotes":""},"class_list":["post-12163","page","type-page","status-publish","hentry"],"yoast_head":"<!-- This site is optimized with the Yoast SEO plugin v23.1 - https:\/\/yoast.com\/wordpress\/plugins\/seo\/ -->\n<title>Info sur la proc\u00e9dure d\u2019avis - JEP - Jury d&#039;Ethique Publicitaire<\/title>\n<meta name=\"robots\" content=\"index, follow, max-snippet:-1, max-image-preview:large, max-video-preview:-1\" \/>\n<link rel=\"canonical\" href=\"https:\/\/www.jep.be\/meer-info-over-de-adviesprocedure\/\" \/>\n<meta property=\"og:locale\" content=\"fr_FR\" \/>\n<meta property=\"og:type\" content=\"article\" \/>\n<meta property=\"og:title\" content=\"Info sur la proc\u00e9dure d\u2019avis - JEP - Jury d&#039;Ethique Publicitaire\" \/>\n<meta property=\"og:description\" content=\"Demandez un avis sur votre publicit\u00e9 \u00cates-vous annonceur, agence de publicit\u00e9 ou m\u00e9dia ?\u00a0 Vous pouvez introduire une demande d&rsquo;avis aussi bien avant que pendant ou apr\u00e8s la diffusion d&rsquo;une publicit\u00e9. Types d&rsquo;avis Choississez le type d&rsquo;avis qui correspond \u00e0 votre besoin : 1) Un avis rendu par le Secr\u00e9tariat du JEP (compos\u00e9 de deux [&hellip;]\" \/>\n<meta property=\"og:url\" content=\"https:\/\/www.jep.be\/meer-info-over-de-adviesprocedure\/\" \/>\n<meta property=\"og:site_name\" content=\"JEP - Jury d&#039;Ethique Publicitaire\" \/>\n<meta property=\"article:modified_time\" content=\"2026-04-08T08:50:07+00:00\" \/>\n<meta name=\"twitter:card\" content=\"summary_large_image\" \/>\n<meta name=\"twitter:label1\" content=\"Dur\u00e9e de lecture estim\u00e9e\" \/>\n\t<meta name=\"twitter:data1\" content=\"3 minutes\" \/>\n<script type=\"application\/ld+json\" class=\"yoast-schema-graph\">{\"@context\":\"https:\/\/schema.org\",\"@graph\":[{\"@type\":\"WebPage\",\"@id\":\"https:\/\/www.jep.be\/meer-info-over-de-adviesprocedure\/\",\"url\":\"https:\/\/www.jep.be\/meer-info-over-de-adviesprocedure\/\",\"name\":\"Info sur la proc\u00e9dure d\u2019avis - JEP - Jury d'Ethique Publicitaire\",\"isPartOf\":{\"@id\":\"https:\/\/www.jep.be\/#website\"},\"datePublished\":\"2022-02-28T09:39:38+00:00\",\"dateModified\":\"2026-04-08T08:50:07+00:00\",\"breadcrumb\":{\"@id\":\"https:\/\/www.jep.be\/meer-info-over-de-adviesprocedure\/#breadcrumb\"},\"inLanguage\":\"fr-FR\",\"potentialAction\":[{\"@type\":\"ReadAction\",\"target\":[\"https:\/\/www.jep.be\/meer-info-over-de-adviesprocedure\/\"]}]},{\"@type\":\"BreadcrumbList\",\"@id\":\"https:\/\/www.jep.be\/meer-info-over-de-adviesprocedure\/#breadcrumb\",\"itemListElement\":[{\"@type\":\"ListItem\",\"position\":1,\"name\":\"Home\",\"item\":\"https:\/\/www.jep.be\/\"},{\"@type\":\"ListItem\",\"position\":2,\"name\":\"Info sur la proc\u00e9dure d\u2019avis\"}]},{\"@type\":\"WebSite\",\"@id\":\"https:\/\/www.jep.be\/#website\",\"url\":\"https:\/\/www.jep.be\/\",\"name\":\"JEP - Jury d'Ethique Publicitaire\",\"description\":\"\",\"publisher\":{\"@id\":\"https:\/\/www.jep.be\/#organization\"},\"potentialAction\":[{\"@type\":\"SearchAction\",\"target\":{\"@type\":\"EntryPoint\",\"urlTemplate\":\"https:\/\/www.jep.be\/?s={search_term_string}\"},\"query-input\":\"required name=search_term_string\"}],\"inLanguage\":\"fr-FR\"},{\"@type\":\"Organization\",\"@id\":\"https:\/\/www.jep.be\/#organization\",\"name\":\"JEP - Jury d'Ethique Publicitaire\",\"url\":\"https:\/\/www.jep.be\/\",\"logo\":{\"@type\":\"ImageObject\",\"inLanguage\":\"fr-FR\",\"@id\":\"https:\/\/www.jep.be\/#\/schema\/logo\/image\/\",\"url\":\"https:\/\/www.jep.be\/wp-content\/uploads\/2023\/04\/JEPCC-NF-horz-rgb-2.png\",\"contentUrl\":\"https:\/\/www.jep.be\/wp-content\/uploads\/2023\/04\/JEPCC-NF-horz-rgb-2.png\",\"width\":2025,\"height\":341,\"caption\":\"JEP - Jury d'Ethique Publicitaire\"},\"image\":{\"@id\":\"https:\/\/www.jep.be\/#\/schema\/logo\/image\/\"}}]}<\/script>\n<!-- \/ Yoast SEO plugin. -->","yoast_head_json":{"title":"Info sur la proc\u00e9dure d\u2019avis - JEP - Jury d'Ethique Publicitaire","robots":{"index":"index","follow":"follow","max-snippet":"max-snippet:-1","max-image-preview":"max-image-preview:large","max-video-preview":"max-video-preview:-1"},"canonical":"https:\/\/www.jep.be\/meer-info-over-de-adviesprocedure\/","og_locale":"fr_FR","og_type":"article","og_title":"Info sur la proc\u00e9dure d\u2019avis - JEP - Jury d'Ethique Publicitaire","og_description":"Demandez un avis sur votre publicit\u00e9 \u00cates-vous annonceur, agence de publicit\u00e9 ou m\u00e9dia ?\u00a0 Vous pouvez introduire une demande d&rsquo;avis aussi bien avant que pendant ou apr\u00e8s la diffusion d&rsquo;une publicit\u00e9. Types d&rsquo;avis Choississez le type d&rsquo;avis qui correspond \u00e0 votre besoin : 1) Un avis rendu par le Secr\u00e9tariat du JEP (compos\u00e9 de deux [&hellip;]","og_url":"https:\/\/www.jep.be\/meer-info-over-de-adviesprocedure\/","og_site_name":"JEP - Jury d'Ethique Publicitaire","article_modified_time":"2026-04-08T08:50:07+00:00","twitter_card":"summary_large_image","twitter_misc":{"Dur\u00e9e de lecture estim\u00e9e":"3 minutes"},"schema":{"@context":"https:\/\/schema.org","@graph":[{"@type":"WebPage","@id":"https:\/\/www.jep.be\/meer-info-over-de-adviesprocedure\/","url":"https:\/\/www.jep.be\/meer-info-over-de-adviesprocedure\/","name":"Info sur la proc\u00e9dure d\u2019avis - JEP - Jury d'Ethique Publicitaire","isPartOf":{"@id":"https:\/\/www.jep.be\/#website"},"datePublished":"2022-02-28T09:39:38+00:00","dateModified":"2026-04-08T08:50:07+00:00","breadcrumb":{"@id":"https:\/\/www.jep.be\/meer-info-over-de-adviesprocedure\/#breadcrumb"},"inLanguage":"fr-FR","potentialAction":[{"@type":"ReadAction","target":["https:\/\/www.jep.be\/meer-info-over-de-adviesprocedure\/"]}]},{"@type":"BreadcrumbList","@id":"https:\/\/www.jep.be\/meer-info-over-de-adviesprocedure\/#breadcrumb","itemListElement":[{"@type":"ListItem","position":1,"name":"Home","item":"https:\/\/www.jep.be\/"},{"@type":"ListItem","position":2,"name":"Info sur la proc\u00e9dure d\u2019avis"}]},{"@type":"WebSite","@id":"https:\/\/www.jep.be\/#website","url":"https:\/\/www.jep.be\/","name":"JEP - Jury d'Ethique Publicitaire","description":"","publisher":{"@id":"https:\/\/www.jep.be\/#organization"},"potentialAction":[{"@type":"SearchAction","target":{"@type":"EntryPoint","urlTemplate":"https:\/\/www.jep.be\/?s={search_term_string}"},"query-input":"required name=search_term_string"}],"inLanguage":"fr-FR"},{"@type":"Organization","@id":"https:\/\/www.jep.be\/#organization","name":"JEP - Jury d'Ethique Publicitaire","url":"https:\/\/www.jep.be\/","logo":{"@type":"ImageObject","inLanguage":"fr-FR","@id":"https:\/\/www.jep.be\/#\/schema\/logo\/image\/","url":"https:\/\/www.jep.be\/wp-content\/uploads\/2023\/04\/JEPCC-NF-horz-rgb-2.png","contentUrl":"https:\/\/www.jep.be\/wp-content\/uploads\/2023\/04\/JEPCC-NF-horz-rgb-2.png","width":2025,"height":341,"caption":"JEP - Jury d'Ethique Publicitaire"},"image":{"@id":"https:\/\/www.jep.be\/#\/schema\/logo\/image\/"}}]}},"_links":{"self":[{"href":"https:\/\/www.jep.be\/fr\/wp-json\/wp\/v2\/pages\/12163","targetHints":{"allow":["GET"]}}],"collection":[{"href":"https:\/\/www.jep.be\/fr\/wp-json\/wp\/v2\/pages"}],"about":[{"href":"https:\/\/www.jep.be\/fr\/wp-json\/wp\/v2\/types\/page"}],"author":[{"embeddable":true,"href":"https:\/\/www.jep.be\/fr\/wp-json\/wp\/v2\/users\/1"}],"replies":[{"embeddable":true,"href":"https:\/\/www.jep.be\/fr\/wp-json\/wp\/v2\/comments?post=12163"}],"version-history":[{"count":46,"href":"https:\/\/www.jep.be\/fr\/wp-json\/wp\/v2\/pages\/12163\/revisions"}],"predecessor-version":[{"id":18585,"href":"https:\/\/www.jep.be\/fr\/wp-json\/wp\/v2\/pages\/12163\/revisions\/18585"}],"wp:attachment":[{"href":"https:\/\/www.jep.be\/fr\/wp-json\/wp\/v2\/media?parent=12163"}],"curies":[{"name":"wp","href":"https:\/\/api.w.org\/{rel}","templated":true}]}}